{"id":95,"date":"2015-11-02T02:39:42","date_gmt":"2015-11-02T02:39:42","guid":{"rendered":"http:\/\/www.kairostopografia.com.br\/topografiaflorianopolis\/?page_id=95"},"modified":"2026-03-09T20:00:13","modified_gmt":"2026-03-09T20:00:13","slug":"cadastro-ambiental-rural","status":"publish","type":"page","link":"https:\/\/www.kairostopografia.com.br\/topografiaflorianopolis\/cadastro-ambiental-rural\/","title":{"rendered":"Cadastro Ambiental Rural"},"content":{"rendered":"\t\t<div data-elementor-type=\"wp-page\" data-elementor-id=\"95\" class=\"elementor elementor-95\" data-elementor-post-type=\"page\">\n\t\t\t\t<div class=\"elementor-element elementor-element-936936e e-flex e-con-boxed parallax_section_no qode_elementor_container_no e-con e-parent\" data-id=\"936936e\" data-element_type=\"container\" data-e-type=\"container\">\n\t\t\t\t\t<div class=\"e-con-inner\">\n\t\t\t\t<div class=\"elementor-element elementor-element-2d37132 elementor-widget elementor-widget-heading\" data-id=\"2d37132\" data-element_type=\"widget\" data-e-type=\"widget\" data-widget_type=\"heading.default\">\n\t\t\t\t\t<h4 class=\"elementor-heading-title elementor-size-default\">Cadastro Ambiental Rural<\/h4>\t\t\t\t<\/div>\n\t\t\t\t<div class=\"elementor-element elementor-element-b2ca0e9 elementor-widget-divider--view-line elementor-widget elementor-widget-divider\" data-id=\"b2ca0e9\" data-element_type=\"widget\" data-e-type=\"widget\" data-widget_type=\"divider.default\">\n\t\t\t\t\t\t\t<div class=\"elementor-divider\">\n\t\t\t<span class=\"elementor-divider-separator\">\n\t\t\t\t\t\t<\/span>\n\t\t<\/div>\n\t\t\t\t\t\t<\/div>\n\t\t\t\t<div class=\"elementor-element elementor-element-f4eac8d elementor-widget elementor-widget-text-editor\" data-id=\"f4eac8d\" data-element_type=\"widget\" data-e-type=\"widget\" data-widget_type=\"text-editor.default\">\n\t\t\t\t\t\t\t\t\tO CAR \u00e9 um mecanismo necess\u00e1rio para assessorar no meio de regulariza\u00e7\u00e3o ambiental de propriedades e posses rurais com o prop\u00f3sito de desenhar um mapa digital e s\u00e3o determinados os princ\u00edpios das \u00e1reas para an\u00e1lise ambiental.\t\t\t\t\t\t\t\t<\/div>\n\t\t\t\t<div class=\"elementor-element elementor-element-7b889b7 elementor-widget elementor-widget-text-editor\" data-id=\"7b889b7\" data-element_type=\"widget\" data-e-type=\"widget\" data-widget_type=\"text-editor.default\">\n\t\t\t\t\t\t\t\t\tO CAR mescla dos dados pessoais do propriet\u00e1rio, al\u00e9m de dados cadastrais e da localiza\u00e7\u00e3o georreferenciada das \u00e1reas de preserva\u00e7\u00e3o permamente(APP), \u00e1reas de reservas legais(RL) e \u00e1reas de uso restrito(AUR) de todos im\u00f3veis rurais dos pa\u00eds.  Caso o propriet\u00e1rio ou possuidor rural tenha algum passivo ambiental relacionado \u00c0 APP, RL ou uso indevido de AUR o preenchimento do CAR abre a possibilidade de Regulariza\u00e7\u00e3o do im\u00f3vel.\t\t\t\t\t\t\t\t<\/div>\n\t\t\t\t<div class=\"elementor-element elementor-element-409fb08 elementor-widget elementor-widget-text-editor\" data-id=\"409fb08\" data-element_type=\"widget\" data-e-type=\"widget\" data-widget_type=\"text-editor.default\">\n\t\t\t\t\t\t\t\t\tO CAR n\u00e3o \u00e9 um documento de comprova\u00e7\u00e3o fundi\u00e1ria, \u00e9 um documento declarat\u00f3rio sobre a situa\u00e7\u00e3o ambiental de uma \u00e1rea cuja responsabilidade de manuten\u00e7\u00e3o \u00e9 daquele que declarou. Portanto, n\u00e3o gera direitos sobre a forma de uso do solo. Ap\u00f3s a Valida\u00e7\u00e3o das informa\u00e7\u00f5es inseridas no sistema, \u00e9 gerado um demonstrativo da situa\u00e7\u00e3o ambiental do im\u00f3vel.\t\t\t\t\t\t\t\t<\/div>\n\t\t\t\t<div class=\"elementor-element elementor-element-00644c8 elementor-widget elementor-widget-text-editor\" data-id=\"00644c8\" data-element_type=\"widget\" data-e-type=\"widget\" data-widget_type=\"text-editor.default\">\n\t\t\t\t\t\t\t\t\tObjetivamente, o CAR \u00e9 um registro dos im\u00f3veis rurais junto aos OEMAs para fins de controle, monitoramento ambiental, facilita\u00e7\u00e3o dos processos de licenciamento das atividades rurais, gest\u00e3o integrada dos territ\u00f3rios e acompanhamento dos ativos ambientais das propriedades. Em 2012, o CAR foi ratificado legal e nacionalmente pelo Novo C\u00f3digo Florestal, dado pela Lei 12.651, de 25 de maio de 2012, tornando-se um instrumento obrigat\u00f3rio para a regulariza\u00e7\u00e3o ambiental das propriedades rurais. \u00c9 realizado por um sistema eletr\u00f4nico de identifica\u00e7\u00e3o georreferenciada dos im\u00f3veis rurais, delimitando com precis\u00e3o as \u00c1reas de Preserva\u00e7\u00e3o Permanente (APPs), as Reservas Legais (RLs), as \u00e1reas pass\u00edveis de uso alternativo do solo, al\u00e9m da hidrografia e dos remanescentes de vegeta\u00e7\u00e3o nativa localizados no interior dos im\u00f3veis. Apesar de sua defini\u00e7\u00e3o simples, a sua realiza\u00e7\u00e3o envolve um amplo conjunto de processos, procedimentos, atividades, m\u00e9todos e tecnologias que, de maneira integrada, permitem alcan\u00e7ar objetivos muito maiores do que unicamente os de controle e de monitoramento das propriedades ou posses. Mais do que isso, o CAR busca oferecer, no m\u00ednimo, tr\u00eas fun\u00e7\u00f5es principais como um instrumento de gest\u00e3o territorial e ambiental:  Planejamento do im\u00f3vel rural, com a defini\u00e7\u00e3o do local das \u00e1reas de produ\u00e7\u00e3o, das APPs e da RL, subsidiando o planejamento das \u00e1reas de prote\u00e7\u00e3o ambiental a partir da forma\u00e7\u00e3o de corredores florestais;\t\t\t\t\t\t\t\t<\/div>\n\t\t\t\t\t<\/div>\n\t\t\t\t<\/div>\n\t\t\t\t<\/div>\n\t\t","protected":false},"excerpt":{"rendered":"<p>Cadastro Ambiental Rural O CAR \u00e9 um mecanismo necess\u00e1rio para assessorar no meio de regulariza\u00e7\u00e3o ambiental de propriedades e posses rurais com o prop\u00f3sito de desenhar um mapa digital e s\u00e3o determinados os princ\u00edpios das \u00e1reas para an\u00e1lise ambiental.O CAR mescla dos dados pessoais do&#8230;<\/p>\n","protected":false},"author":1,"featured_media":0,"parent":0,"menu_order":0,"comment_status":"closed","ping_status":"closed","template":"","meta":{"footnotes":""},"class_list":["post-95","page","type-page","status-publish","hentry"],"_links":{"self":[{"href":"https:\/\/www.kairostopografia.com.br\/topografiaflorianopolis\/wp-json\/wp\/v2\/pages\/95","targetHints":{"allow":["GET"]}}],"collection":[{"href":"https:\/\/www.kairostopografia.com.br\/topografiaflorianopolis\/wp-json\/wp\/v2\/pages"}],"about":[{"href":"https:\/\/www.kairostopografia.com.br\/topografiaflorianopolis\/wp-json\/wp\/v2\/types\/page"}],"author":[{"embeddable":true,"href":"https:\/\/www.kairostopografia.com.br\/topografiaflorianopolis\/wp-json\/wp\/v2\/users\/1"}],"replies":[{"embeddable":true,"href":"https:\/\/www.kairostopografia.com.br\/topografiaflorianopolis\/wp-json\/wp\/v2\/comments?post=95"}],"version-history":[{"count":5,"href":"https:\/\/www.kairostopografia.com.br\/topografiaflorianopolis\/wp-json\/wp\/v2\/pages\/95\/revisions"}],"predecessor-version":[{"id":288,"href":"https:\/\/www.kairostopografia.com.br\/topografiaflorianopolis\/wp-json\/wp\/v2\/pages\/95\/revisions\/288"}],"wp:attachment":[{"href":"https:\/\/www.kairostopografia.com.br\/topografiaflorianopolis\/wp-json\/wp\/v2\/media?parent=95"}],"curies":[{"name":"wp","href":"https:\/\/api.w.org\/{rel}","templated":true}]}}