{"id":91,"date":"2015-11-02T02:37:57","date_gmt":"2015-11-02T02:37:57","guid":{"rendered":"http:\/\/www.kairostopografia.com.br\/topografiaflorianopolis\/?page_id=91"},"modified":"2026-03-09T20:26:56","modified_gmt":"2026-03-09T20:26:56","slug":"georreferenciamento","status":"publish","type":"page","link":"https:\/\/www.kairostopografia.com.br\/topografiaflorianopolis\/georreferenciamento\/","title":{"rendered":"Geoorerefenciamento de Im\u00f3veis Rurais Lei Incra 10.267"},"content":{"rendered":"\t\t<div data-elementor-type=\"wp-page\" data-elementor-id=\"91\" class=\"elementor elementor-91\" data-elementor-post-type=\"page\">\n\t\t\t\t<div class=\"elementor-element elementor-element-3018841 e-flex e-con-boxed parallax_section_no qode_elementor_container_no e-con e-parent\" data-id=\"3018841\" data-element_type=\"container\" data-e-type=\"container\">\n\t\t\t\t\t<div class=\"e-con-inner\">\n\t\t\t\t<div class=\"elementor-element elementor-element-394e1b3 elementor-widget elementor-widget-heading\" data-id=\"394e1b3\" data-element_type=\"widget\" data-e-type=\"widget\" data-widget_type=\"heading.default\">\n\t\t\t\t\t<h4 class=\"elementor-heading-title elementor-size-default\">Geoorerefenciamento de Im\u00f3veis Rurais Lei Incra 10.267<\/h4>\t\t\t\t<\/div>\n\t\t\t\t<div class=\"elementor-element elementor-element-4d978f8 elementor-widget-divider--view-line elementor-widget elementor-widget-divider\" data-id=\"4d978f8\" data-element_type=\"widget\" data-e-type=\"widget\" data-widget_type=\"divider.default\">\n\t\t\t\t\t\t\t<div class=\"elementor-divider\">\n\t\t\t<span class=\"elementor-divider-separator\">\n\t\t\t\t\t\t<\/span>\n\t\t<\/div>\n\t\t\t\t\t\t<\/div>\n\t\t\t\t<div class=\"elementor-element elementor-element-8e4b484 elementor-widget elementor-widget-text-editor\" data-id=\"8e4b484\" data-element_type=\"widget\" data-e-type=\"widget\" data-widget_type=\"text-editor.default\">\n\t\t\t\t\t\t\t\t\tO\u00a0<strong>georreferenciamento\u00a0<\/strong>\u00e9 um servi\u00e7o de mapeamento completo de um im\u00f3vel rural, tomando por base o Sistema Geod\u00e9sico Brasileiro, que permite a defini\u00e7\u00e3o perfeita da sua \u00e1rea e posi\u00e7\u00e3o geogr\u00e1fica. \t\t\t\t\t\t\t\t<\/div>\n\t\t\t\t<div class=\"elementor-element elementor-element-9d54b98 elementor-widget elementor-widget-text-editor\" data-id=\"9d54b98\" data-element_type=\"widget\" data-e-type=\"widget\" data-widget_type=\"text-editor.default\">\n\t\t\t\t\t\t\t\t\tEste mapeamento de\u00a0<strong>georreferencia\u00e7\u00e3o\u00a0<\/strong>\u00e9 obrigat\u00f3rio\u00a0para a regulariza\u00e7\u00e3o do registro de im\u00f3veis rurais segunda a nova Lei 10.267\/01, Decretos 4.449\/02 e 5.570\/05. Com o\u00a0<strong>georreferenciamento<\/strong>, o INCRA se \u00e0s normas t\u00e9cnicas e a exist\u00eancia de qualquer sobreposi\u00e7\u00e3o sobre propriedades rurais cadastradas no \u00f3rg\u00e3o. \t\t\t\t\t\t\t\t<\/div>\n\t\t\t\t<div class=\"elementor-element elementor-element-1e59701 elementor-widget elementor-widget-text-editor\" data-id=\"1e59701\" data-element_type=\"widget\" data-e-type=\"widget\" data-widget_type=\"text-editor.default\">\n\t\t\t\t\t\t\t\t\tPorque\u00a0<strong>Georreferenciar:<\/strong> \t\t\t\t\t\t\t\t<\/div>\n\t\t\t\t<div class=\"elementor-element elementor-element-2480eec elementor-widget elementor-widget-text-editor\" data-id=\"2480eec\" data-element_type=\"widget\" data-e-type=\"widget\" data-widget_type=\"text-editor.default\">\n\t\t\t\t\t\t\t\t\t<ul><li>Discernir os v\u00e9rtices de um im\u00f3vel rural<\/li><li>Garantir a justaposi\u00e7\u00e3o entre im\u00f3veis evitando a sobreposi\u00e7\u00e3o e diverg\u00eancias de divisas<\/li><li>Limitar debates judiciais sobre problemas territoriais<\/li><li>Garantir que a titula\u00e7\u00e3o das propriedades reflitam a posse efetiva<\/li><li>\u00a0Impedir a grilagem de terras.<\/li><\/ul>\t\t\t\t\t\t\t\t<\/div>\n\t\t\t\t\t<\/div>\n\t\t\t\t<\/div>\n\t\t\t\t<\/div>\n\t\t","protected":false},"excerpt":{"rendered":"<p>Geoorerefenciamento de Im\u00f3veis Rurais Lei Incra 10.267 O\u00a0georreferenciamento\u00a0\u00e9 um servi\u00e7o de mapeamento completo de um im\u00f3vel rural, tomando por base o Sistema Geod\u00e9sico Brasileiro, que permite a defini\u00e7\u00e3o perfeita da sua \u00e1rea e posi\u00e7\u00e3o geogr\u00e1fica. Este mapeamento de\u00a0georreferencia\u00e7\u00e3o\u00a0\u00e9 obrigat\u00f3rio\u00a0para a regulariza\u00e7\u00e3o do registro de im\u00f3veis&#8230;<\/p>\n","protected":false},"author":1,"featured_media":0,"parent":0,"menu_order":0,"comment_status":"closed","ping_status":"closed","template":"","meta":{"footnotes":""},"class_list":["post-91","page","type-page","status-publish","hentry"],"_links":{"self":[{"href":"https:\/\/www.kairostopografia.com.br\/topografiaflorianopolis\/wp-json\/wp\/v2\/pages\/91","targetHints":{"allow":["GET"]}}],"collection":[{"href":"https:\/\/www.kairostopografia.com.br\/topografiaflorianopolis\/wp-json\/wp\/v2\/pages"}],"about":[{"href":"https:\/\/www.kairostopografia.com.br\/topografiaflorianopolis\/wp-json\/wp\/v2\/types\/page"}],"author":[{"embeddable":true,"href":"https:\/\/www.kairostopografia.com.br\/topografiaflorianopolis\/wp-json\/wp\/v2\/users\/1"}],"replies":[{"embeddable":true,"href":"https:\/\/www.kairostopografia.com.br\/topografiaflorianopolis\/wp-json\/wp\/v2\/comments?post=91"}],"version-history":[{"count":5,"href":"https:\/\/www.kairostopografia.com.br\/topografiaflorianopolis\/wp-json\/wp\/v2\/pages\/91\/revisions"}],"predecessor-version":[{"id":309,"href":"https:\/\/www.kairostopografia.com.br\/topografiaflorianopolis\/wp-json\/wp\/v2\/pages\/91\/revisions\/309"}],"wp:attachment":[{"href":"https:\/\/www.kairostopografia.com.br\/topografiaflorianopolis\/wp-json\/wp\/v2\/media?parent=91"}],"curies":[{"name":"wp","href":"https:\/\/api.w.org\/{rel}","templated":true}]}}