{"id":89,"date":"2015-11-02T02:36:27","date_gmt":"2015-11-02T02:36:27","guid":{"rendered":"http:\/\/www.kairostopografia.com.br\/topografiaflorianopolis\/?page_id=89"},"modified":"2026-03-09T20:19:32","modified_gmt":"2026-03-09T20:19:32","slug":"remembramento-unificacao","status":"publish","type":"page","link":"https:\/\/www.kairostopografia.com.br\/topografiaflorianopolis\/remembramento-unificacao\/","title":{"rendered":"Remembramento \/ Unifica\u00e7\u00e3o"},"content":{"rendered":"\t\t<div data-elementor-type=\"wp-page\" data-elementor-id=\"89\" class=\"elementor elementor-89\" data-elementor-post-type=\"page\">\n\t\t\t\t<div class=\"elementor-element elementor-element-a4d05ee e-flex e-con-boxed parallax_section_no qode_elementor_container_no e-con e-parent\" data-id=\"a4d05ee\" data-element_type=\"container\" data-e-type=\"container\">\n\t\t\t\t\t<div class=\"e-con-inner\">\n\t\t\t\t<div class=\"elementor-element elementor-element-262dc2a elementor-widget elementor-widget-heading\" data-id=\"262dc2a\" data-element_type=\"widget\" data-e-type=\"widget\" data-widget_type=\"heading.default\">\n\t\t\t\t\t<h4 class=\"elementor-heading-title elementor-size-default\">Remembramento \/ Unifica\u00e7\u00e3o<\/h4>\t\t\t\t<\/div>\n\t\t\t\t<div class=\"elementor-element elementor-element-be36399 elementor-widget-divider--view-line elementor-widget elementor-widget-divider\" data-id=\"be36399\" data-element_type=\"widget\" data-e-type=\"widget\" data-widget_type=\"divider.default\">\n\t\t\t\t\t\t\t<div class=\"elementor-divider\">\n\t\t\t<span class=\"elementor-divider-separator\">\n\t\t\t\t\t\t<\/span>\n\t\t<\/div>\n\t\t\t\t\t\t<\/div>\n\t\t\t\t<div class=\"elementor-element elementor-element-0af9a26 elementor-widget elementor-widget-text-editor\" data-id=\"0af9a26\" data-element_type=\"widget\" data-e-type=\"widget\" data-widget_type=\"text-editor.default\">\n\t\t\t\t\t\t\t\t\tRemembramento \u00e9 o ato administrativo atribuido a suceder a unifica\u00e7\u00e3o de dois ou mais lotes, para a composi\u00e7\u00e3o de um novo terreno, pelo fus\u00e3o de lotes juntos, com a  desinente forma\u00e7\u00e3o de um terreno maior. O terreno consetivo do remembramento \u00e9 um novo im\u00f3vel com uma nova matricula junto ao registro de im\u00f3veis, pois passa a ter uma \u00e1rea maior, formada pela soma das \u00e1reas dos terrenos unificados e possuir\u00e1 limites e confronta\u00e7\u00f5es diferentes.\t\t\t\t\t\t\t\t<\/div>\n\t\t\t\t<div class=\"elementor-element elementor-element-9530ff8 elementor-widget elementor-widget-text-editor\" data-id=\"9530ff8\" data-element_type=\"widget\" data-e-type=\"widget\" data-widget_type=\"text-editor.default\">\n\t\t\t\t\t\t\t\t\tO novo terreno deve ter frente para uma rua ou via oficial j\u00e1 existente, n\u00e3o podendo o remembramento implicar na abertura de vias vigentes nem altera\u00e7\u00f5es de ruas ou logradouros p\u00fablicos. O remembramento, apenas altera os atributos dos im\u00f3veis, n\u00e3o podendo interferir na configura\u00e7\u00e3o das \u00e1reas p\u00fablicas. Os paramentos para o remembramento de terrenos s\u00e3o regulados pela legisla\u00e7\u00e3o dos munic\u00edpios.\t\t\t\t\t\t\t\t<\/div>\n\t\t\t\t<div class=\"elementor-element elementor-element-e4b9eb2 elementor-widget elementor-widget-text-editor\" data-id=\"e4b9eb2\" data-element_type=\"widget\" data-e-type=\"widget\" data-widget_type=\"text-editor.default\">\n\t\t\t\t\t\t\t\t\tProcedimentos para Remembramento\/ unifica\u00e7\u00e3o na Prefeitura Municipal de Florian\u00f3polis (PMF):\n\t\t\t\t\t\t\t\t<\/div>\n\t\t\t\t<div class=\"elementor-element elementor-element-b0cdc5c elementor-widget elementor-widget-text-editor\" data-id=\"b0cdc5c\" data-element_type=\"widget\" data-e-type=\"widget\" data-widget_type=\"text-editor.default\">\n\t\t\t\t\t\t\t\t\t<ul><li>\u2013 Apresenta\u00e7\u00e3o do requerimento com as assinaturas dos propriet\u00e1rios, com o reconhecimento de firmas.<\/li><li>\u2013 Apresenta\u00e7\u00e3o da <strong>planta topogr\u00e1fica<\/strong>\u00a0do\u00a0<strong>levantamento topogr\u00e1fico planim\u00e9trico georreferenciado<\/strong>\u00a0da\u00a0<strong>Kair\u00f3s Topografia<\/strong>, com as assinaturas dos propriet\u00e1rios e do respons\u00e1vel t\u00e9cnico, com o reconhecimento de firmas, dever\u00e3o constar na\u00a0<strong>planta topogr\u00e1fica<\/strong>\u00a0os desenhos das \u00e1reas unificadas e da \u00e1rea resultante.<\/li><li>\u2013 Apresenta\u00e7\u00e3o do memorial descritivo com assinatura do respons\u00e1vel t\u00e9cnico da <strong>Kair\u00f3s Topografia<\/strong>, com o reconhecimento de firma, no memorial descritivo dever\u00e1 conter as descri\u00e7\u00f5es das \u00e1reas das matr\u00edculas e da \u00e1rea resultante.<\/li><li>\u2013 Apresenta\u00e7\u00e3o anota\u00e7\u00e3o de responsabilidade t\u00e9cnica \u2013 ART junto ao CREA.<\/li><li>\u2013 Quando o im\u00f3vel confrontar com um rio, o respons\u00e1vel t\u00e9cnico da <strong>Kair\u00f3s topografia<\/strong>\u00a0dever\u00e1 reconhecer se sofre ou n\u00e3o \u00a0<a href=\"http:\/\/www.sinonimos.com.br\/interferencia\/\">interfer\u00eancia<\/a>\u00a0de mar\u00e9. Caso ocorra dever\u00e1 ser demarcada a \u00e1rea de marinha conforme a carta que o im\u00f3vel localiza sobre a linha premar de 1831 e isentada da \u00e1rea decorrente da retifica\u00e7\u00e3o de \u00e1rea, assim como, notificar a SPU, caso n\u00e3o seja \u00e1rea de marinha dever\u00e1 ser indicado o pr\u00f3ximo confrontante ap\u00f3s o rio.<\/li><\/ul>\t\t\t\t\t\t\t\t<\/div>\n\t\t\t\t\t<\/div>\n\t\t\t\t<\/div>\n\t\t\t\t<\/div>\n\t\t","protected":false},"excerpt":{"rendered":"<p>Remembramento \/ Unifica\u00e7\u00e3o Remembramento \u00e9 o ato administrativo atribuido a suceder a unifica\u00e7\u00e3o de dois ou mais lotes, para a composi\u00e7\u00e3o de um novo terreno, pelo fus\u00e3o de lotes juntos, com a desinente forma\u00e7\u00e3o de um terreno maior. O terreno consetivo do remembramento \u00e9 um&#8230;<\/p>\n","protected":false},"author":1,"featured_media":0,"parent":0,"menu_order":0,"comment_status":"closed","ping_status":"closed","template":"","meta":{"footnotes":""},"class_list":["post-89","page","type-page","status-publish","hentry"],"_links":{"self":[{"href":"https:\/\/www.kairostopografia.com.br\/topografiaflorianopolis\/wp-json\/wp\/v2\/pages\/89","targetHints":{"allow":["GET"]}}],"collection":[{"href":"https:\/\/www.kairostopografia.com.br\/topografiaflorianopolis\/wp-json\/wp\/v2\/pages"}],"about":[{"href":"https:\/\/www.kairostopografia.com.br\/topografiaflorianopolis\/wp-json\/wp\/v2\/types\/page"}],"author":[{"embeddable":true,"href":"https:\/\/www.kairostopografia.com.br\/topografiaflorianopolis\/wp-json\/wp\/v2\/users\/1"}],"replies":[{"embeddable":true,"href":"https:\/\/www.kairostopografia.com.br\/topografiaflorianopolis\/wp-json\/wp\/v2\/comments?post=89"}],"version-history":[{"count":5,"href":"https:\/\/www.kairostopografia.com.br\/topografiaflorianopolis\/wp-json\/wp\/v2\/pages\/89\/revisions"}],"predecessor-version":[{"id":305,"href":"https:\/\/www.kairostopografia.com.br\/topografiaflorianopolis\/wp-json\/wp\/v2\/pages\/89\/revisions\/305"}],"wp:attachment":[{"href":"https:\/\/www.kairostopografia.com.br\/topografiaflorianopolis\/wp-json\/wp\/v2\/media?parent=89"}],"curies":[{"name":"wp","href":"https:\/\/api.w.org\/{rel}","templated":true}]}}