{"id":83,"date":"2015-11-02T02:31:47","date_gmt":"2015-11-02T02:31:47","guid":{"rendered":"http:\/\/www.kairostopografia.com.br\/topografiaflorianopolis\/?page_id=83"},"modified":"2026-03-09T19:57:26","modified_gmt":"2026-03-09T19:57:26","slug":"usucapiao","status":"publish","type":"page","link":"https:\/\/www.kairostopografia.com.br\/topografiaflorianopolis\/usucapiao\/","title":{"rendered":"Usucapi\u00e3o"},"content":{"rendered":"\t\t<div data-elementor-type=\"wp-page\" data-elementor-id=\"83\" class=\"elementor elementor-83\" data-elementor-post-type=\"page\">\n\t\t\t\t<div class=\"elementor-element elementor-element-f47aa27 e-flex e-con-boxed parallax_section_no qode_elementor_container_no e-con e-parent\" data-id=\"f47aa27\" data-element_type=\"container\" data-e-type=\"container\">\n\t\t\t\t\t<div class=\"e-con-inner\">\n\t\t\t\t<div class=\"elementor-element elementor-element-e2901d7 elementor-widget elementor-widget-heading\" data-id=\"e2901d7\" data-element_type=\"widget\" data-e-type=\"widget\" data-widget_type=\"heading.default\">\n\t\t\t\t\t<h4 class=\"elementor-heading-title elementor-size-default\">Usucapi\u00e3o<\/h4>\t\t\t\t<\/div>\n\t\t\t\t<div class=\"elementor-element elementor-element-dabf9bb elementor-widget-divider--view-line elementor-widget elementor-widget-divider\" data-id=\"dabf9bb\" data-element_type=\"widget\" data-e-type=\"widget\" data-widget_type=\"divider.default\">\n\t\t\t\t\t\t\t<div class=\"elementor-divider\">\n\t\t\t<span class=\"elementor-divider-separator\">\n\t\t\t\t\t\t<\/span>\n\t\t<\/div>\n\t\t\t\t\t\t<\/div>\n\t\t\t\t<div class=\"elementor-element elementor-element-6627c0d elementor-widget elementor-widget-text-editor\" data-id=\"6627c0d\" data-element_type=\"widget\" data-e-type=\"widget\" data-widget_type=\"text-editor.default\">\n\t\t\t\t\t\t\t\t\tUsucapi\u00e3o \u00e9 o direito que um residente adquire em correspond\u00eancia \u00e0 posse de um bem m\u00f3vel ou im\u00f3vel em virtude do uso deste por um assente tempo. Usucapi\u00e3o significa adquirir pelo uso. Para que esse bem seja legalizado, \u00e9 necess\u00e1rio que sejam atendidos determinados pr\u00e9-requisitos predisposto na lei,  nomeadamente no C\u00f3digo Civil e na Constitui\u00e7\u00e3o Brasileira. Os pr\u00e9-requisitos  indispens\u00e1veis para a aquisi\u00e7\u00e3o do direito s\u00e3o: a posse, por um determinado tempo (usasse em Florian\u00f3polis por per\u00edodo de 20 anos, contado com propriet\u00e1rios anteriores)  do bem m\u00f3vel ou im\u00f3vel, e que a posse seja ininterrupta e pac\u00edfica.\t\t\t\t\t\t\t\t<\/div>\n\t\t\t\t<div class=\"elementor-element elementor-element-5b1c19d elementor-widget elementor-widget-text-editor\" data-id=\"5b1c19d\" data-element_type=\"widget\" data-e-type=\"widget\" data-widget_type=\"text-editor.default\">\n\t\t\t\t\t\t\t\t\tNa a\u00e7\u00e3o de usucapi\u00e3o mobili\u00e1ria, adota-se o procedimento comum ordin\u00e1rio ou sum\u00e1rio. J\u00e1 com rela\u00e7\u00e3o \u00e0 a\u00e7\u00e3o de usucapi\u00e3o imobili\u00e1ria, esta pode assumir v\u00e1rios procedimentos a depender da esp\u00e9cie de usucapi\u00e3o.\t\t\t\t\t\t\t\t<\/div>\n\t\t\t\t<div class=\"elementor-element elementor-element-f936fa0 elementor-widget elementor-widget-text-editor\" data-id=\"f936fa0\" data-element_type=\"widget\" data-e-type=\"widget\" data-widget_type=\"text-editor.default\">\n\t\t\t\t\t\t\t\t\tEm Florian\u00f3polis, Atende-se a usucapi\u00e3o atrav\u00e9s da portaria n\u00ba 02\/2010 da Comarca de Florian\u00f3polis-SC. Inclu\u00eddo todas as normas necess\u00e1rias para a\u00e7\u00e3o de usucapi\u00e3o.\t\t\t\t\t\t\t\t<\/div>\n\t\t\t\t<div class=\"elementor-element elementor-element-1de3170 elementor-widget elementor-widget-text-editor\" data-id=\"1de3170\" data-element_type=\"widget\" data-e-type=\"widget\" data-widget_type=\"text-editor.default\">\n\t\t\t\t\t\t\t\t\tO reconhecimento do im\u00f3vel, ocorre por denota\u00e7\u00e3o:\t\t\t\t\t\t\t\t<\/div>\n\t\t\t\t<div class=\"elementor-element elementor-element-3bfd612 elementor-widget elementor-widget-text-editor\" data-id=\"3bfd612\" data-element_type=\"widget\" data-e-type=\"widget\" data-widget_type=\"text-editor.default\">\n\t\t\t\t\t\t\t\t\t<ul><li>\u00ad- Se rural, do c\u00f3digo do im\u00f3vel, \u00e1rea, confronta\u00e7\u00f5es, localiza\u00e7\u00e3o e dos dados constantes do CCIR, da denomina\u00e7\u00e3o e de suas caracter\u00edsticas. Por meio de memorial descritivo, planta topogr\u00e1fica e ART (anota\u00e7\u00e3o de responsabilidade t\u00e9cnica).<\/li><li>\u2013 Se urbano, \u00e1rea, confronta\u00e7\u00f5es, localiza\u00e7\u00e3o. Por meio de memorial descritivo, planta topogr\u00e1fica e ART (anota\u00e7\u00e3o de responsabilidade t\u00e9cnica).<br \/>O nome, domic\u00edlio e nacionalidade do propriet\u00e1rio, bem como:<\/li><li>\u2013 Tratando-se de pessoa f\u00edsica, o estado civil, a profiss\u00e3o, o n\u00famero de inscri\u00e7\u00e3o no Cadastro de Pessoas F\u00edsicas do Minist\u00e9rio da Fazenda ou do Registro Geral da c\u00e9dula de identidade, ou, \u00e0 falta deste, sua filia\u00e7\u00e3o;<\/li><li>\u2013 Tratando-se de pessoa jur\u00eddica, a sede social e o n\u00famero de inscri\u00e7\u00e3o no Cadastro Geral de Contribuintes do Minist\u00e9rio da Fazenda; Procedimentos para Usucapi\u00e3o na Prefeitura Municipal de Florian\u00f3polis (PMF):<\/li><li>\u2013 Apresenta\u00e7\u00e3o da planta topogr\u00e1fica do levantamento topogr\u00e1fico planim\u00e9trico georreferenciado da Kair\u00f3s Topografia, com as assinaturas dos propriet\u00e1rios e do respons\u00e1vel t\u00e9cnico, com o reconhecimento de firmas, dever\u00e3o constar na planta topogr\u00e1fica os desenhos das \u00e1reas unificadas e da \u00e1rea resultante.<\/li><li>\u2013 Apresenta\u00e7\u00e3o do memorial descritivo com assinatura do respons\u00e1vel t\u00e9cnico da Kair\u00f3s Topografia, com o reconhecimento de firma, no memorial descritivo dever\u00e1 conter as descri\u00e7\u00f5es das \u00e1reas das matr\u00edculas e da \u00e1rea resultante.<\/li><li>\u2013 Apresenta\u00e7\u00e3o anota\u00e7\u00e3o de responsabilidade t\u00e9cnica<\/li><li>\u2013 ART junto ao CREA.<\/li><li>\u2013 Apresenta\u00e7\u00e3o da planta topogr\u00e1fica do levantamento topogr\u00e1fico planim\u00e9trico georreferenciado da Kair\u00f3s Topografia, com as assinaturas dos propriet\u00e1rios e do respons\u00e1vel t\u00e9cnico, com o reconhecimento de firmas, dever\u00e3o constar na planta topogr\u00e1fica os desenhos das \u00e1reas unificadas e da \u00e1rea resultante.<\/li><li>\u2013 Apresenta\u00e7\u00e3o do memorial descritivo com assinatura do respons\u00e1vel t\u00e9cnico da Kair\u00f3s Topografia, com o reconhecimento de firma, no memorial descritivo dever\u00e1 conter as descri\u00e7\u00f5es das \u00e1reas das matr\u00edculas e da \u00e1rea resultante.<\/li><li>\u2013 Apresenta\u00e7\u00e3o anota\u00e7\u00e3o de responsabilidade t\u00e9cnica<\/li><li>\u2013 ART junto ao CREA.<\/li><\/ul>\t\t\t\t\t\t\t\t<\/div>\n\t\t\t\t\t<\/div>\n\t\t\t\t<\/div>\n\t\t\t\t<\/div>\n\t\t","protected":false},"excerpt":{"rendered":"<p>Usucapi\u00e3o Usucapi\u00e3o \u00e9 o direito que um residente adquire em correspond\u00eancia \u00e0 posse de um bem m\u00f3vel ou im\u00f3vel em virtude do uso deste por um assente tempo. Usucapi\u00e3o significa adquirir pelo uso. Para que esse bem seja legalizado, \u00e9 necess\u00e1rio que sejam atendidos determinados&#8230;<\/p>\n","protected":false},"author":1,"featured_media":0,"parent":0,"menu_order":0,"comment_status":"closed","ping_status":"closed","template":"","meta":{"footnotes":""},"class_list":["post-83","page","type-page","status-publish","hentry"],"_links":{"self":[{"href":"https:\/\/www.kairostopografia.com.br\/topografiaflorianopolis\/wp-json\/wp\/v2\/pages\/83","targetHints":{"allow":["GET"]}}],"collection":[{"href":"https:\/\/www.kairostopografia.com.br\/topografiaflorianopolis\/wp-json\/wp\/v2\/pages"}],"about":[{"href":"https:\/\/www.kairostopografia.com.br\/topografiaflorianopolis\/wp-json\/wp\/v2\/types\/page"}],"author":[{"embeddable":true,"href":"https:\/\/www.kairostopografia.com.br\/topografiaflorianopolis\/wp-json\/wp\/v2\/users\/1"}],"replies":[{"embeddable":true,"href":"https:\/\/www.kairostopografia.com.br\/topografiaflorianopolis\/wp-json\/wp\/v2\/comments?post=83"}],"version-history":[{"count":6,"href":"https:\/\/www.kairostopografia.com.br\/topografiaflorianopolis\/wp-json\/wp\/v2\/pages\/83\/revisions"}],"predecessor-version":[{"id":284,"href":"https:\/\/www.kairostopografia.com.br\/topografiaflorianopolis\/wp-json\/wp\/v2\/pages\/83\/revisions\/284"}],"wp:attachment":[{"href":"https:\/\/www.kairostopografia.com.br\/topografiaflorianopolis\/wp-json\/wp\/v2\/media?parent=83"}],"curies":[{"name":"wp","href":"https:\/\/api.w.org\/{rel}","templated":true}]}}