{"id":8,"date":"2015-09-16T00:18:09","date_gmt":"2015-09-16T00:18:09","guid":{"rendered":"http:\/\/www.kairostopografia.com.br\/topografiaflorianopolis\/?page_id=8"},"modified":"2026-03-10T19:12:41","modified_gmt":"2026-03-10T19:12:41","slug":"quem-somos","status":"publish","type":"page","link":"https:\/\/www.kairostopografia.com.br\/topografiaflorianopolis\/quem-somos\/","title":{"rendered":"Quem Somos"},"content":{"rendered":"\t\t<div data-elementor-type=\"wp-page\" data-elementor-id=\"8\" class=\"elementor elementor-8\" data-elementor-post-type=\"page\">\n\t\t\t\t<div class=\"elementor-element elementor-element-e660a58 e-con-full e-flex parallax_section_no qode_elementor_container_no e-con e-parent\" data-id=\"e660a58\" data-element_type=\"container\" data-e-type=\"container\">\n\t\t<div class=\"elementor-element elementor-element-3436e59 e-flex e-con-boxed parallax_section_no qode_elementor_container_no e-con e-child\" data-id=\"3436e59\" data-element_type=\"container\" data-e-type=\"container\">\n\t\t\t\t\t<div class=\"e-con-inner\">\n\t\t<div class=\"elementor-element elementor-element-c5c200f e-con-full e-flex parallax_section_no qode_elementor_container_no e-con e-child\" data-id=\"c5c200f\" data-element_type=\"container\" data-e-type=\"container\">\n\t\t\t\t<div class=\"elementor-element elementor-element-5f7df59 elementor-widget elementor-widget-heading\" data-id=\"5f7df59\" data-element_type=\"widget\" data-e-type=\"widget\" id=\"fundoPer\" data-widget_type=\"heading.default\">\n\t\t\t\t\t<h1 class=\"elementor-heading-title elementor-size-default\">K<\/h1>\t\t\t\t<\/div>\n\t\t\t\t<\/div>\n\t\t<div class=\"elementor-element elementor-element-6196f64 e-con-full e-flex parallax_section_no qode_elementor_container_no e-con e-child\" data-id=\"6196f64\" data-element_type=\"container\" data-e-type=\"container\">\n\t\t\t\t<div class=\"elementor-element elementor-element-73f51c4 elementor-widget elementor-widget-heading\" data-id=\"73f51c4\" data-element_type=\"widget\" data-e-type=\"widget\" data-widget_type=\"heading.default\">\n\t\t\t\t\t<h6 class=\"elementor-heading-title elementor-size-default\">Sobre a Kair\u00f3s<\/h6>\t\t\t\t<\/div>\n\t\t\t\t<div class=\"elementor-element elementor-element-d67a618 elementor-widget elementor-widget-heading\" data-id=\"d67a618\" data-element_type=\"widget\" data-e-type=\"widget\" data-widget_type=\"heading.default\">\n\t\t\t\t\t<h1 class=\"elementor-heading-title elementor-size-default\">Quem somos<\/h1>\t\t\t\t<\/div>\n\t\t\t\t<div class=\"elementor-element elementor-element-5a025f6 elementor-widget elementor-widget-text-editor\" data-id=\"5a025f6\" data-element_type=\"widget\" data-e-type=\"widget\" data-widget_type=\"text-editor.default\">\n\t\t\t\t\t\t\t\t\tA Kair\u00f3s Topografia, sediada em Florian\u00f3polis \u2013 SC, atua na \u00e1rea de topografia, desde o in\u00edcio no ano de 1983, prestando de servi\u00e7os de topografia em todo territ\u00f3rio de Santa Catarina e at\u00e9 fora dele, oferecendo solu\u00e7\u00f5es topogr\u00e1ficas com confiabilidade, respeito e transpar\u00eancia. Constitu\u00eddo h\u00e1 mais de 30 anos como prestadora de servi\u00e7o a Kair\u00f3s Topografia tem como diferencial oferecer um atendimento personalizado e atencioso.\t\t\t\t\t\t\t\t<\/div>\n\t\t\t\t<div class=\"elementor-element elementor-element-d9a3f4b elementor-widget elementor-widget-text-editor\" data-id=\"d9a3f4b\" data-element_type=\"widget\" data-e-type=\"widget\" data-widget_type=\"text-editor.default\">\n\t\t\t\t\t\t\t\t\tDispomos de top\u00f3grafos prontos para apoiar sua empresa na identifica\u00e7\u00e3o e resolu\u00e7\u00e3o de problemas, apresentando sempre as melhores solu\u00e7\u00f5es em planejamento, implanta\u00e7\u00e3o e determina\u00e7\u00e3o de redes geod\u00e9sicas locais, municipais, regionais. Contamos em nosso quadro de profissionais, com pessoas de reconhecida experi\u00eancia no mercado, o que garante a nossos clientes total seguran\u00e7a. Nossa experi\u00eancia tamb\u00e9m \u00e9 garantia aos clientes da realiza\u00e7\u00e3o de bons neg\u00f3cios, com honestidade, seguran\u00e7a e plasticidade.\t\t\t\t\t\t\t\t<\/div>\n\t\t\t\t<\/div>\n\t\t\t\t\t<\/div>\n\t\t\t\t<\/div>\n\t\t\t\t<\/div>\n\t\t<div class=\"elementor-element elementor-element-b5fb23e e-con-full e-flex parallax_section_no qode_elementor_container_no e-con e-parent\" data-id=\"b5fb23e\" data-element_type=\"container\" data-e-type=\"container\">\n\t\t<div class=\"elementor-element elementor-element-5fbaca4 e-grid e-con-boxed parallax_section_no qode_elementor_container_no e-con e-child\" data-id=\"5fbaca4\" data-element_type=\"container\" data-e-type=\"container\">\n\t\t\t\t\t<div class=\"e-con-inner\">\n\t\t<div class=\"elementor-element elementor-element-1c362be e-con-full e-flex parallax_section_no qode_elementor_container_no e-con e-child\" data-id=\"1c362be\" data-element_type=\"container\" data-e-type=\"container\">\n\t\t\t\t<div class=\"elementor-element elementor-element-8ca56d1 elementor-view-default elementor-widget elementor-widget-icon\" data-id=\"8ca56d1\" data-element_type=\"widget\" data-e-type=\"widget\" data-widget_type=\"icon.default\">\n\t\t\t\t\t\t\t<div class=\"elementor-icon-wrapper\">\n\t\t\t<div class=\"elementor-icon\">\n\t\t\t<svg aria-hidden=\"true\" class=\"e-font-icon-svg e-fab-rocketchat\" viewBox=\"0 0 576 512\" xmlns=\"http:\/\/www.w3.org\/2000\/svg\"><path d=\"M284.046,224.8a34.114,34.114,0,1,0,34.317,34.113A34.217,34.217,0,0,0,284.046,224.8Zm-110.45,0a34.114,34.114,0,1,0,34.317,34.113A34.217,34.217,0,0,0,173.6,224.8Zm220.923,0a34.114,34.114,0,1,0,34.317,34.113A34.215,34.215,0,0,0,394.519,224.8Zm153.807-55.319c-15.535-24.172-37.31-45.57-64.681-63.618-52.886-34.817-122.374-54-195.666-54a405.975,405.975,0,0,0-72.032,6.357,238.524,238.524,0,0,0-49.51-36.588C99.684-11.7,40.859.711,11.135,11.421A14.291,14.291,0,0,0,5.58,34.782C26.542,56.458,61.222,99.3,52.7,138.252c-33.142,33.9-51.112,74.776-51.112,117.337,0,43.372,17.97,84.248,51.112,118.148,8.526,38.956-26.154,81.816-47.116,103.491a14.284,14.284,0,0,0,5.555,23.34c29.724,10.709,88.549,23.147,155.324-10.2a238.679,238.679,0,0,0,49.51-36.589A405.972,405.972,0,0,0,288,460.14c73.313,0,142.8-19.159,195.667-53.975,27.371-18.049,49.145-39.426,64.679-63.619,17.309-26.923,26.07-55.916,26.07-86.125C574.394,225.4,565.634,196.43,548.326,169.485ZM284.987,409.9a345.65,345.65,0,0,1-89.446-11.5l-20.129,19.393a184.366,184.366,0,0,1-37.138,27.585,145.767,145.767,0,0,1-52.522,14.87c.983-1.771,1.881-3.563,2.842-5.356q30.258-55.68,16.325-100.078c-32.992-25.962-52.778-59.2-52.778-95.4,0-83.1,104.254-150.469,232.846-150.469s232.867,67.373,232.867,150.469C517.854,342.525,413.6,409.9,284.987,409.9Z\"><\/path><\/svg>\t\t\t<\/div>\n\t\t<\/div>\n\t\t\t\t\t\t<\/div>\n\t\t\t\t<div class=\"elementor-element elementor-element-37b58ee elementor-widget elementor-widget-heading\" data-id=\"37b58ee\" data-element_type=\"widget\" data-e-type=\"widget\" data-widget_type=\"heading.default\">\n\t\t\t\t\t<h4 class=\"elementor-heading-title elementor-size-default\">Miss\u00e3o<\/h4>\t\t\t\t<\/div>\n\t\t\t\t<div class=\"elementor-element elementor-element-c70ff46 elementor-widget elementor-widget-text-editor\" data-id=\"c70ff46\" data-element_type=\"widget\" data-e-type=\"widget\" data-widget_type=\"text-editor.default\">\n\t\t\t\t\t\t\t\t\tProver de forma segura e sustent\u00e1vel solu\u00e7\u00f5es topogr\u00e1ficas profissionais, confi\u00e1veis e adequadas \u00e0s necessidades de nossos clientes possam a proporcionar satisfa\u00e7\u00e3o total sobre os servi\u00e7os agregando valor a sua opera\u00e7\u00e3o, minimizando as preocupa\u00e7\u00f5es, entregando assim resultados consistentes e confi\u00e1veis, seja o cliente uma grande empresa ou pessoa f\u00edsica. \t\t\t\t\t\t\t\t<\/div>\n\t\t\t\t<\/div>\n\t\t<div class=\"elementor-element elementor-element-d5b0235 e-con-full e-flex parallax_section_no qode_elementor_container_no e-con e-child\" data-id=\"d5b0235\" data-element_type=\"container\" data-e-type=\"container\">\n\t\t\t\t<div class=\"elementor-element elementor-element-b92746c elementor-view-default elementor-widget elementor-widget-icon\" data-id=\"b92746c\" data-element_type=\"widget\" data-e-type=\"widget\" data-widget_type=\"icon.default\">\n\t\t\t\t\t\t\t<div class=\"elementor-icon-wrapper\">\n\t\t\t<div class=\"elementor-icon\">\n\t\t\t<svg aria-hidden=\"true\" class=\"e-font-icon-svg e-far-eye\" viewBox=\"0 0 576 512\" xmlns=\"http:\/\/www.w3.org\/2000\/svg\"><path d=\"M288 144a110.94 110.94 0 0 0-31.24 5 55.4 55.4 0 0 1 7.24 27 56 56 0 0 1-56 56 55.4 55.4 0 0 1-27-7.24A111.71 111.71 0 1 0 288 144zm284.52 97.4C518.29 135.59 410.93 64 288 64S57.68 135.64 3.48 241.41a32.35 32.35 0 0 0 0 29.19C57.71 376.41 165.07 448 288 448s230.32-71.64 284.52-177.41a32.35 32.35 0 0 0 0-29.19zM288 400c-98.65 0-189.09-55-237.93-144C98.91 167 189.34 112 288 112s189.09 55 237.93 144C477.1 345 386.66 400 288 400z\"><\/path><\/svg>\t\t\t<\/div>\n\t\t<\/div>\n\t\t\t\t\t\t<\/div>\n\t\t\t\t<div class=\"elementor-element elementor-element-e496fbf elementor-widget elementor-widget-heading\" data-id=\"e496fbf\" data-element_type=\"widget\" data-e-type=\"widget\" data-widget_type=\"heading.default\">\n\t\t\t\t\t<h4 class=\"elementor-heading-title elementor-size-default\">Vis\u00e3o<\/h4>\t\t\t\t<\/div>\n\t\t\t\t<div class=\"elementor-element elementor-element-3347d1e elementor-widget elementor-widget-text-editor\" data-id=\"3347d1e\" data-element_type=\"widget\" data-e-type=\"widget\" data-widget_type=\"text-editor.default\">\n\t\t\t\t\t\t\t\t\tTrabalhar em parceria, junto aos clientes e realiza\u00e7\u00e3o dos seus projetos, com foco em prazo e efici\u00eancia. Ser reconhecida por sua qualidade e sempre disposto a pensar no bem estar do cliente.\t\t\t\t\t\t\t\t<\/div>\n\t\t\t\t<\/div>\n\t\t<div class=\"elementor-element elementor-element-761f6ef e-con-full e-flex parallax_section_no qode_elementor_container_no e-con e-child\" data-id=\"761f6ef\" data-element_type=\"container\" data-e-type=\"container\">\n\t\t\t\t<div class=\"elementor-element elementor-element-10d66aa elementor-view-default elementor-widget elementor-widget-icon\" data-id=\"10d66aa\" data-element_type=\"widget\" data-e-type=\"widget\" data-widget_type=\"icon.default\">\n\t\t\t\t\t\t\t<div class=\"elementor-icon-wrapper\">\n\t\t\t<div class=\"elementor-icon\">\n\t\t\t<svg aria-hidden=\"true\" class=\"e-font-icon-svg e-fab-rocketchat\" viewBox=\"0 0 576 512\" xmlns=\"http:\/\/www.w3.org\/2000\/svg\"><path d=\"M284.046,224.8a34.114,34.114,0,1,0,34.317,34.113A34.217,34.217,0,0,0,284.046,224.8Zm-110.45,0a34.114,34.114,0,1,0,34.317,34.113A34.217,34.217,0,0,0,173.6,224.8Zm220.923,0a34.114,34.114,0,1,0,34.317,34.113A34.215,34.215,0,0,0,394.519,224.8Zm153.807-55.319c-15.535-24.172-37.31-45.57-64.681-63.618-52.886-34.817-122.374-54-195.666-54a405.975,405.975,0,0,0-72.032,6.357,238.524,238.524,0,0,0-49.51-36.588C99.684-11.7,40.859.711,11.135,11.421A14.291,14.291,0,0,0,5.58,34.782C26.542,56.458,61.222,99.3,52.7,138.252c-33.142,33.9-51.112,74.776-51.112,117.337,0,43.372,17.97,84.248,51.112,118.148,8.526,38.956-26.154,81.816-47.116,103.491a14.284,14.284,0,0,0,5.555,23.34c29.724,10.709,88.549,23.147,155.324-10.2a238.679,238.679,0,0,0,49.51-36.589A405.972,405.972,0,0,0,288,460.14c73.313,0,142.8-19.159,195.667-53.975,27.371-18.049,49.145-39.426,64.679-63.619,17.309-26.923,26.07-55.916,26.07-86.125C574.394,225.4,565.634,196.43,548.326,169.485ZM284.987,409.9a345.65,345.65,0,0,1-89.446-11.5l-20.129,19.393a184.366,184.366,0,0,1-37.138,27.585,145.767,145.767,0,0,1-52.522,14.87c.983-1.771,1.881-3.563,2.842-5.356q30.258-55.68,16.325-100.078c-32.992-25.962-52.778-59.2-52.778-95.4,0-83.1,104.254-150.469,232.846-150.469s232.867,67.373,232.867,150.469C517.854,342.525,413.6,409.9,284.987,409.9Z\"><\/path><\/svg>\t\t\t<\/div>\n\t\t<\/div>\n\t\t\t\t\t\t<\/div>\n\t\t\t\t<div class=\"elementor-element elementor-element-fb2a3cc elementor-widget elementor-widget-heading\" data-id=\"fb2a3cc\" data-element_type=\"widget\" data-e-type=\"widget\" data-widget_type=\"heading.default\">\n\t\t\t\t\t<h4 class=\"elementor-heading-title elementor-size-default\">VALORES<\/h4>\t\t\t\t<\/div>\n\t\t\t\t<div class=\"elementor-element elementor-element-9b99189 elementor-widget elementor-widget-text-editor\" data-id=\"9b99189\" data-element_type=\"widget\" data-e-type=\"widget\" data-widget_type=\"text-editor.default\">\n\t\t\t\t\t\t\t\t\t\u2022 Postura \u00e9tica e transparente\n\n\u2022 Comprometimento de todos com o resultado\n\n\u2022 Criatividade e inova\u00e7\u00e3o focadas no neg\u00f3cio\n\n\u2022 Desenvolvimento Pessoal\n\n\u2022 Crescimento Sustent\u00e1vel \t\t\t\t\t\t\t\t<\/div>\n\t\t\t\t<\/div>\n\t\t\t\t\t<\/div>\n\t\t\t\t<\/div>\n\t\t\t\t<\/div>\n\t\t\t\t<\/div>\n\t\t","protected":false},"excerpt":{"rendered":"<p>K Sobre a Kair\u00f3s Quem somos A Kair\u00f3s Topografia, sediada em Florian\u00f3polis \u2013 SC, atua na \u00e1rea de topografia, desde o in\u00edcio no ano de 1983, prestando de servi\u00e7os de topografia em todo territ\u00f3rio de Santa Catarina e at\u00e9 fora dele, oferecendo solu\u00e7\u00f5es topogr\u00e1ficas com&#8230;<\/p>\n","protected":false},"author":1,"featured_media":0,"parent":0,"menu_order":0,"comment_status":"closed","ping_status":"closed","template":"elementor_header_footer","meta":{"footnotes":""},"class_list":["post-8","page","type-page","status-publish","hentry"],"_links":{"self":[{"href":"https:\/\/www.kairostopografia.com.br\/topografiaflorianopolis\/wp-json\/wp\/v2\/pages\/8","targetHints":{"allow":["GET"]}}],"collection":[{"href":"https:\/\/www.kairostopografia.com.br\/topografiaflorianopolis\/wp-json\/wp\/v2\/pages"}],"about":[{"href":"https:\/\/www.kairostopografia.com.br\/topografiaflorianopolis\/wp-json\/wp\/v2\/types\/page"}],"author":[{"embeddable":true,"href":"https:\/\/www.kairostopografia.com.br\/topografiaflorianopolis\/wp-json\/wp\/v2\/users\/1"}],"replies":[{"embeddable":true,"href":"https:\/\/www.kairostopografia.com.br\/topografiaflorianopolis\/wp-json\/wp\/v2\/comments?post=8"}],"version-history":[{"count":39,"href":"https:\/\/www.kairostopografia.com.br\/topografiaflorianopolis\/wp-json\/wp\/v2\/pages\/8\/revisions"}],"predecessor-version":[{"id":488,"href":"https:\/\/www.kairostopografia.com.br\/topografiaflorianopolis\/wp-json\/wp\/v2\/pages\/8\/revisions\/488"}],"wp:attachment":[{"href":"https:\/\/www.kairostopografia.com.br\/topografiaflorianopolis\/wp-json\/wp\/v2\/media?parent=8"}],"curies":[{"name":"wp","href":"https:\/\/api.w.org\/{rel}","templated":true}]}}