{"id":43,"date":"2015-09-28T18:26:33","date_gmt":"2015-09-28T18:26:33","guid":{"rendered":"http:\/\/www.kairostopografia.com.br\/topografiaflorianopolis\/?page_id=43"},"modified":"2026-03-10T19:14:23","modified_gmt":"2026-03-10T19:14:23","slug":"controle-e-monitoramento-de-recalque","status":"publish","type":"page","link":"https:\/\/www.kairostopografia.com.br\/topografiaflorianopolis\/controle-e-monitoramento-de-recalque\/","title":{"rendered":"Controle e Monitoramento de Recalque"},"content":{"rendered":"\t\t<div data-elementor-type=\"wp-page\" data-elementor-id=\"43\" class=\"elementor elementor-43\" data-elementor-post-type=\"page\">\n\t\t\t\t<div class=\"elementor-element elementor-element-06a0913 e-flex e-con-boxed parallax_section_no qode_elementor_container_no e-con e-parent\" data-id=\"06a0913\" data-element_type=\"container\" data-e-type=\"container\">\n\t\t\t\t\t<div class=\"e-con-inner\">\n\t\t\t\t<div class=\"elementor-element elementor-element-7939617 elementor-widget elementor-widget-heading\" data-id=\"7939617\" data-element_type=\"widget\" data-e-type=\"widget\" data-widget_type=\"heading.default\">\n\t\t\t\t\t<h4 class=\"elementor-heading-title elementor-size-default\">Controle e Monitoramento de Recalque<\/h4>\t\t\t\t<\/div>\n\t\t\t\t<div class=\"elementor-element elementor-element-7865afc elementor-widget-divider--view-line elementor-widget elementor-widget-divider\" data-id=\"7865afc\" data-element_type=\"widget\" data-e-type=\"widget\" data-widget_type=\"divider.default\">\n\t\t\t\t\t\t\t<div class=\"elementor-divider\">\n\t\t\t<span class=\"elementor-divider-separator\">\n\t\t\t\t\t\t<\/span>\n\t\t<\/div>\n\t\t\t\t\t\t<\/div>\n\t\t\t\t<div class=\"elementor-element elementor-element-9548d2d elementor-widget elementor-widget-text-editor\" data-id=\"9548d2d\" data-element_type=\"widget\" data-e-type=\"widget\" data-widget_type=\"text-editor.default\">\n\t\t\t\t\t\t\t\t\tO m\u00e9todo do controle de recalques consiste na avalia\u00e7\u00e3o do movimento vertical (recalque) atrav\u00e9s de medi\u00e7\u00f5es e assim acompanhar seu comportamento ou se o mesmo apresenta varia\u00e7\u00f5es de posi\u00e7\u00e3o (movimenta\u00e7\u00e3o).\t\t\t\t\t\t\t\t<\/div>\n\t\t\t\t<div class=\"elementor-element elementor-element-b5500e5 elementor-widget elementor-widget-text-editor\" data-id=\"b5500e5\" data-element_type=\"widget\" data-e-type=\"widget\" data-widget_type=\"text-editor.default\">\n\t\t\t\t\t\t\t\t\tO recalque \u00e9 um dos principais causadores de patologias na constru\u00e7\u00e3o civil e em alguns casos do fal\u00eancia total das mesmas. Est\u00e1 presente em todas as edifica\u00e7\u00f5es, mas, em at\u00e9 certo ponto n\u00e3o provoca problemas consider\u00e1veis. Existe a necessidade do controle do recalque, desde a sua identifica\u00e7\u00e3o at\u00e9 a estabiliza\u00e7\u00e3o, para assim evitar casos extremos de instabilidades da estrutura.\t\t\t\t\t\t\t\t<\/div>\n\t\t\t\t<div class=\"elementor-element elementor-element-3ab8abd elementor-widget elementor-widget-text-editor\" data-id=\"3ab8abd\" data-element_type=\"widget\" data-e-type=\"widget\" data-widget_type=\"text-editor.default\">\n\t\t\t\t\t\t\t\t\tNa\u00a0<strong>topografia<\/strong>\u00a0o monitoramento voc\u00ea poder\u00e1 identificar\u00a0riscos como recalques, adensamentos e deslocamentos\u00a0horizontais deixando sua Obra mais segura que impedir\u00e3o\u00a0grandes preju\u00edzos. Al\u00e9m de deduzir repetibilidade da observa\u00e7\u00f5es ao longo do tempo e\u00a0tirar an\u00e1lise cuidadosa dos dados. \t\t\t\t\t\t\t\t<\/div>\n\t\t\t\t<div class=\"elementor-element elementor-element-0b3e170 elementor-widget elementor-widget-text-editor\" data-id=\"0b3e170\" data-element_type=\"widget\" data-e-type=\"widget\" data-widget_type=\"text-editor.default\">\n\t\t\t\t\t\t\t\t\tAplica\u00e7\u00f5es do monitoramento: \t\t\t\t\t\t\t\t<\/div>\n\t\t\t\t<div class=\"elementor-element elementor-element-84286a6 elementor-widget elementor-widget-text-editor\" data-id=\"84286a6\" data-element_type=\"widget\" data-e-type=\"widget\" data-widget_type=\"text-editor.default\">\n\t\t\t\t\t\t\t\t\t<ul>\n \t<li>obras de engenharia: pontes, barragens, edif\u00edcios<\/li>\n \t<li>movimento das placas tect\u00f4nicas<\/li>\n \t<li>deforma\u00e7\u00f5es em rochas<\/li>\n \t<li>soerguimento e subsid\u00eancia da crosta.<\/li>\n<\/ul>\nA\u00a0<strong>Kair\u00f3s Topografia<\/strong>\u00a0faz\u00a0<strong>Controle e Monitoramento de Recalque<\/strong>\u00a0de alta precis\u00e3o com\u00a0efici\u00eancia e rapidez. \t\t\t\t\t\t\t\t<\/div>\n\t\t\t\t\t<\/div>\n\t\t\t\t<\/div>\n\t\t\t\t<\/div>\n\t\t","protected":false},"excerpt":{"rendered":"<p>Controle e Monitoramento de Recalque O m\u00e9todo do controle de recalques consiste na avalia\u00e7\u00e3o do movimento vertical (recalque) atrav\u00e9s de medi\u00e7\u00f5es e assim acompanhar seu comportamento ou se o mesmo apresenta varia\u00e7\u00f5es de posi\u00e7\u00e3o (movimenta\u00e7\u00e3o).O recalque \u00e9 um dos principais causadores de patologias na constru\u00e7\u00e3o&#8230;<\/p>\n","protected":false},"author":1,"featured_media":0,"parent":0,"menu_order":0,"comment_status":"closed","ping_status":"closed","template":"","meta":{"footnotes":""},"class_list":["post-43","page","type-page","status-publish","hentry"],"_links":{"self":[{"href":"https:\/\/www.kairostopografia.com.br\/topografiaflorianopolis\/wp-json\/wp\/v2\/pages\/43","targetHints":{"allow":["GET"]}}],"collection":[{"href":"https:\/\/www.kairostopografia.com.br\/topografiaflorianopolis\/wp-json\/wp\/v2\/pages"}],"about":[{"href":"https:\/\/www.kairostopografia.com.br\/topografiaflorianopolis\/wp-json\/wp\/v2\/types\/page"}],"author":[{"embeddable":true,"href":"https:\/\/www.kairostopografia.com.br\/topografiaflorianopolis\/wp-json\/wp\/v2\/users\/1"}],"replies":[{"embeddable":true,"href":"https:\/\/www.kairostopografia.com.br\/topografiaflorianopolis\/wp-json\/wp\/v2\/comments?post=43"}],"version-history":[{"count":8,"href":"https:\/\/www.kairostopografia.com.br\/topografiaflorianopolis\/wp-json\/wp\/v2\/pages\/43\/revisions"}],"predecessor-version":[{"id":497,"href":"https:\/\/www.kairostopografia.com.br\/topografiaflorianopolis\/wp-json\/wp\/v2\/pages\/43\/revisions\/497"}],"wp:attachment":[{"href":"https:\/\/www.kairostopografia.com.br\/topografiaflorianopolis\/wp-json\/wp\/v2\/media?parent=43"}],"curies":[{"name":"wp","href":"https:\/\/api.w.org\/{rel}","templated":true}]}}