{"id":41,"date":"2015-09-28T18:21:35","date_gmt":"2015-09-28T18:21:35","guid":{"rendered":"http:\/\/www.kairostopografia.com.br\/topografiaflorianopolis\/?page_id=41"},"modified":"2026-03-09T19:46:09","modified_gmt":"2026-03-09T19:46:09","slug":"as-built","status":"publish","type":"page","link":"https:\/\/www.kairostopografia.com.br\/topografiaflorianopolis\/as-built\/","title":{"rendered":"As Built"},"content":{"rendered":"\t\t<div data-elementor-type=\"wp-page\" data-elementor-id=\"41\" class=\"elementor elementor-41\" data-elementor-post-type=\"page\">\n\t\t\t\t<div class=\"elementor-element elementor-element-3f9574b e-flex e-con-boxed parallax_section_no qode_elementor_container_no e-con e-parent\" data-id=\"3f9574b\" data-element_type=\"container\" data-e-type=\"container\">\n\t\t\t\t\t<div class=\"e-con-inner\">\n\t\t\t\t<div class=\"elementor-element elementor-element-10db9ba elementor-widget elementor-widget-heading\" data-id=\"10db9ba\" data-element_type=\"widget\" data-e-type=\"widget\" data-widget_type=\"heading.default\">\n\t\t\t\t\t<h4 class=\"elementor-heading-title elementor-size-default\">As Built<\/h4>\t\t\t\t<\/div>\n\t\t\t\t<div class=\"elementor-element elementor-element-8707509 elementor-widget-divider--view-line elementor-widget elementor-widget-divider\" data-id=\"8707509\" data-element_type=\"widget\" data-e-type=\"widget\" data-widget_type=\"divider.default\">\n\t\t\t\t\t\t\t<div class=\"elementor-divider\">\n\t\t\t<span class=\"elementor-divider-separator\">\n\t\t\t\t\t\t<\/span>\n\t\t<\/div>\n\t\t\t\t\t\t<\/div>\n\t\t\t\t<div class=\"elementor-element elementor-element-3e15de9 elementor-widget elementor-widget-text-editor\" data-id=\"3e15de9\" data-element_type=\"widget\" data-e-type=\"widget\" data-widget_type=\"text-editor.default\">\n\t\t\t\t\t\t\t\t\tA revis\u00e3o As Built, que traduzido seria \u201cComo Constru\u00eddo\u201d. Usado na topografia onde possam referir um levantamento das medidas existentes, comparado com o projeto original, transformando em desenhos todas as informa\u00e7\u00f5es. \t\t\t\t\t\t\t\t<\/div>\n\t\t\t\t<div class=\"elementor-element elementor-element-112d985 elementor-widget elementor-widget-text-editor\" data-id=\"112d985\" data-element_type=\"widget\" data-e-type=\"widget\" data-widget_type=\"text-editor.default\">\n\t\t\t\t\t\t\t\t\tDurante a obra, o projeto sofre altera\u00e7\u00f5es que v\u00e3o sendo revisadas tamb\u00e9m, e principalmente, na planta indica que \u00e9 a revis\u00e3o final, ou seja, incorporando todas as adapta\u00e7\u00f5es feitas no canteiro de obras, para espelharem fielmente o que foi efetivamente constru\u00eddo. \t\t\t\t\t\t\t\t<\/div>\n\t\t\t\t<div class=\"elementor-element elementor-element-cea4680 elementor-widget elementor-widget-text-editor\" data-id=\"cea4680\" data-element_type=\"widget\" data-e-type=\"widget\" data-widget_type=\"text-editor.default\">\n\t\t\t\t\t\t\t\t\tA Kair\u00f3s Topografia executa As Built de alta precis\u00e3o com efici\u00eancia e rapidez.\n\n\t\t\t\t\t\t\t\t<\/div>\n\t\t\t\t\t<\/div>\n\t\t\t\t<\/div>\n\t\t\t\t<\/div>\n\t\t","protected":false},"excerpt":{"rendered":"<p>As Built A revis\u00e3o As Built, que traduzido seria \u201cComo Constru\u00eddo\u201d. Usado na topografia onde possam referir um levantamento das medidas existentes, comparado com o projeto original, transformando em desenhos todas as informa\u00e7\u00f5es. Durante a obra, o projeto sofre altera\u00e7\u00f5es que v\u00e3o sendo revisadas tamb\u00e9m,&#8230;<\/p>\n","protected":false},"author":1,"featured_media":0,"parent":0,"menu_order":0,"comment_status":"closed","ping_status":"closed","template":"","meta":{"footnotes":""},"class_list":["post-41","page","type-page","status-publish","hentry"],"_links":{"self":[{"href":"https:\/\/www.kairostopografia.com.br\/topografiaflorianopolis\/wp-json\/wp\/v2\/pages\/41","targetHints":{"allow":["GET"]}}],"collection":[{"href":"https:\/\/www.kairostopografia.com.br\/topografiaflorianopolis\/wp-json\/wp\/v2\/pages"}],"about":[{"href":"https:\/\/www.kairostopografia.com.br\/topografiaflorianopolis\/wp-json\/wp\/v2\/types\/page"}],"author":[{"embeddable":true,"href":"https:\/\/www.kairostopografia.com.br\/topografiaflorianopolis\/wp-json\/wp\/v2\/users\/1"}],"replies":[{"embeddable":true,"href":"https:\/\/www.kairostopografia.com.br\/topografiaflorianopolis\/wp-json\/wp\/v2\/comments?post=41"}],"version-history":[{"count":5,"href":"https:\/\/www.kairostopografia.com.br\/topografiaflorianopolis\/wp-json\/wp\/v2\/pages\/41\/revisions"}],"predecessor-version":[{"id":274,"href":"https:\/\/www.kairostopografia.com.br\/topografiaflorianopolis\/wp-json\/wp\/v2\/pages\/41\/revisions\/274"}],"wp:attachment":[{"href":"https:\/\/www.kairostopografia.com.br\/topografiaflorianopolis\/wp-json\/wp\/v2\/media?parent=41"}],"curies":[{"name":"wp","href":"https:\/\/api.w.org\/{rel}","templated":true}]}}