{"id":28,"date":"2015-09-28T17:30:20","date_gmt":"2015-09-28T17:30:20","guid":{"rendered":"http:\/\/www.kairostopografia.com.br\/topografiaflorianopolis\/?page_id=28"},"modified":"2026-03-10T18:06:56","modified_gmt":"2026-03-10T18:06:56","slug":"metodologia","status":"publish","type":"page","link":"https:\/\/www.kairostopografia.com.br\/topografiaflorianopolis\/metodologia\/","title":{"rendered":"Metodologia"},"content":{"rendered":"\t\t<div data-elementor-type=\"wp-page\" data-elementor-id=\"28\" class=\"elementor elementor-28\" data-elementor-post-type=\"page\">\n\t\t\t\t<div class=\"elementor-element elementor-element-693b92e e-flex e-con-boxed parallax_section_no qode_elementor_container_no e-con e-parent\" data-id=\"693b92e\" data-element_type=\"container\" data-e-type=\"container\">\n\t\t\t\t\t<div class=\"e-con-inner\">\n\t\t\t\t<div class=\"elementor-element elementor-element-6a6172f elementor-widget elementor-widget-heading\" data-id=\"6a6172f\" data-element_type=\"widget\" data-e-type=\"widget\" data-widget_type=\"heading.default\">\n\t\t\t\t\t<h4 class=\"elementor-heading-title elementor-size-default\">Metologia <\/h4>\t\t\t\t<\/div>\n\t\t\t\t<div class=\"elementor-element elementor-element-ea17376 elementor-widget-divider--view-line elementor-widget elementor-widget-divider\" data-id=\"ea17376\" data-element_type=\"widget\" data-e-type=\"widget\" data-widget_type=\"divider.default\">\n\t\t\t\t\t\t\t<div class=\"elementor-divider\">\n\t\t\t<span class=\"elementor-divider-separator\">\n\t\t\t\t\t\t<\/span>\n\t\t<\/div>\n\t\t\t\t\t\t<\/div>\n\t\t<div class=\"elementor-element elementor-element-fe10eb1 e-con-full e-grid parallax_section_no qode_elementor_container_no e-con e-child\" data-id=\"fe10eb1\" data-element_type=\"container\" data-e-type=\"container\" data-settings=\"{&quot;background_background&quot;:&quot;classic&quot;}\">\n\t\t<div class=\"elementor-element elementor-element-0232cdf e-con-full e-flex parallax_section_no qode_elementor_container_no e-con e-child\" data-id=\"0232cdf\" data-element_type=\"container\" data-e-type=\"container\">\n\t\t\t\t<div class=\"elementor-element elementor-element-99c2333 elementor-widget__width-initial elementor-widget elementor-widget-heading\" data-id=\"99c2333\" data-element_type=\"widget\" data-e-type=\"widget\" data-widget_type=\"heading.default\">\n\t\t\t\t\t<p class=\"elementor-heading-title elementor-size-default\">1<\/p>\t\t\t\t<\/div>\n\t\t\t\t<div class=\"elementor-element elementor-element-cf4b687 elementor-widget elementor-widget-heading\" data-id=\"cf4b687\" data-element_type=\"widget\" data-e-type=\"widget\" data-widget_type=\"heading.default\">\n\t\t\t\t\t<h6 class=\"elementor-heading-title elementor-size-default\">Proposta do Servi\u00e7o<\/h6>\t\t\t\t<\/div>\n\t\t\t\t<div class=\"elementor-element elementor-element-b6a58c7 elementor-widget__width-initial elementor-widget-mobile__width-inherit elementor-widget elementor-widget-text-editor\" data-id=\"b6a58c7\" data-element_type=\"widget\" data-e-type=\"widget\" data-widget_type=\"text-editor.default\">\n\t\t\t\t\t\t\t\t\tApresenta\u00e7\u00e3o ao cliente a forma de trabalho, a estrutura da empresa e servi\u00e7os j\u00e1 prestados pela Kair\u00f3s Topografia. Deixando ao cliente a decis\u00e3o para o planejamento. \t\t\t\t\t\t\t\t<\/div>\n\t\t\t\t<\/div>\n\t\t<div class=\"elementor-element elementor-element-0c63c8a e-con-full e-flex parallax_section_no qode_elementor_container_no e-con e-child\" data-id=\"0c63c8a\" data-element_type=\"container\" data-e-type=\"container\">\n\t\t\t\t<div class=\"elementor-element elementor-element-c8b181f elementor-widget__width-initial elementor-widget elementor-widget-heading\" data-id=\"c8b181f\" data-element_type=\"widget\" data-e-type=\"widget\" data-widget_type=\"heading.default\">\n\t\t\t\t\t<p class=\"elementor-heading-title elementor-size-default\">2<\/p>\t\t\t\t<\/div>\n\t\t\t\t<div class=\"elementor-element elementor-element-7e93ff7 elementor-widget elementor-widget-heading\" data-id=\"7e93ff7\" data-element_type=\"widget\" data-e-type=\"widget\" data-widget_type=\"heading.default\">\n\t\t\t\t\t<h6 class=\"elementor-heading-title elementor-size-default\">Planejamento do Projeto<\/h6>\t\t\t\t<\/div>\n\t\t\t\t<div class=\"elementor-element elementor-element-4aeb52d elementor-widget__width-initial elementor-widget-mobile__width-inherit elementor-widget elementor-widget-text-editor\" data-id=\"4aeb52d\" data-element_type=\"widget\" data-e-type=\"widget\" data-widget_type=\"text-editor.default\">\n\t\t\t\t\t\t\t\t\tPara o planejamento \u00e9 necess\u00e1rio estar com um cronograma em m\u00e3os que indicar\u00e1 as etapas necess\u00e1rias a serem seguidas em campo.\t\t\t\t\t\t\t\t<\/div>\n\t\t\t\t<\/div>\n\t\t<div class=\"elementor-element elementor-element-04fe7e4 e-con-full e-flex parallax_section_no qode_elementor_container_no e-con e-child\" data-id=\"04fe7e4\" data-element_type=\"container\" data-e-type=\"container\">\n\t\t\t\t<div class=\"elementor-element elementor-element-f09a855 elementor-widget__width-initial elementor-widget elementor-widget-heading\" data-id=\"f09a855\" data-element_type=\"widget\" data-e-type=\"widget\" data-widget_type=\"heading.default\">\n\t\t\t\t\t<p class=\"elementor-heading-title elementor-size-default\">3<\/p>\t\t\t\t<\/div>\n\t\t\t\t<div class=\"elementor-element elementor-element-3e15fba elementor-widget elementor-widget-heading\" data-id=\"3e15fba\" data-element_type=\"widget\" data-e-type=\"widget\" data-widget_type=\"heading.default\">\n\t\t\t\t\t<h6 class=\"elementor-heading-title elementor-size-default\">Execu\u00e7\u00e3o do Projeto<\/h6>\t\t\t\t<\/div>\n\t\t\t\t<div class=\"elementor-element elementor-element-e6b1bbf elementor-widget__width-initial elementor-widget-mobile__width-inherit elementor-widget elementor-widget-text-editor\" data-id=\"e6b1bbf\" data-element_type=\"widget\" data-e-type=\"widget\" data-widget_type=\"text-editor.default\">\n\t\t\t\t\t\t\t\t\t\u00c9 hora de dar in\u00edcio \u00e0 execu\u00e7\u00e3o da medi\u00e7\u00e3o e controle do progresso do projeto proposto para uma \u00f3tima precis\u00e3o;\nDepois da medi\u00e7\u00e3o em campo, \u00e9 a hora dos pontos do terreno serem anexados ao programa usado para o trabalho. A equipe da Kair\u00f3s possui responsabilidade t\u00e9cnica pela execu\u00e7\u00e3o do servi\u00e7o proposto, garantindo agilidade e rapidez na entrega dos projetos e o mais importante: a satisfa\u00e7\u00e3o de seus clientes. \t\t\t\t\t\t\t\t<\/div>\n\t\t\t\t<\/div>\n\t\t<div class=\"elementor-element elementor-element-2a813e9 e-con-full e-flex parallax_section_no qode_elementor_container_no e-con e-child\" data-id=\"2a813e9\" data-element_type=\"container\" data-e-type=\"container\">\n\t\t\t\t<div class=\"elementor-element elementor-element-79f2170 elementor-widget__width-initial elementor-widget elementor-widget-heading\" data-id=\"79f2170\" data-element_type=\"widget\" data-e-type=\"widget\" data-widget_type=\"heading.default\">\n\t\t\t\t\t<p class=\"elementor-heading-title elementor-size-default\">4<\/p>\t\t\t\t<\/div>\n\t\t\t\t<div class=\"elementor-element elementor-element-28ff9a3 elementor-widget elementor-widget-heading\" data-id=\"28ff9a3\" data-element_type=\"widget\" data-e-type=\"widget\" data-widget_type=\"heading.default\">\n\t\t\t\t\t<h6 class=\"elementor-heading-title elementor-size-default\">Avalia\u00e7\u00e3o do Servi\u00e7o<\/h6>\t\t\t\t<\/div>\n\t\t\t\t<div class=\"elementor-element elementor-element-12ad802 elementor-widget__width-initial elementor-widget-mobile__width-inherit elementor-widget elementor-widget-text-editor\" data-id=\"12ad802\" data-element_type=\"widget\" data-e-type=\"widget\" data-widget_type=\"text-editor.default\">\n\t\t\t\t\t\t\t\t\tO projeto passar\u00e1 por uma an\u00e1lise para que n\u00e3o seja finalizado com erros. Para come\u00e7ar a finaliza\u00e7\u00e3o o projeto n\u00e3o pode, em hip\u00f3teses alguma, conter erros pois isso acarretar\u00e1 a falhas nos seguintes projetos que ser\u00e3o executados por profissionais como arquitetos ou engenheiros civis.\nA equipe da Kair\u00f3s Topografia garante aos clientes um \u00f3timo projeto, sem falhas.\t\t\t\t\t\t\t\t<\/div>\n\t\t\t\t<\/div>\n\t\t<div class=\"elementor-element elementor-element-05d88cd e-con-full e-flex parallax_section_no qode_elementor_container_no e-con e-child\" data-id=\"05d88cd\" data-element_type=\"container\" data-e-type=\"container\">\n\t\t\t\t<div class=\"elementor-element elementor-element-ee75453 elementor-widget__width-initial elementor-widget elementor-widget-heading\" data-id=\"ee75453\" data-element_type=\"widget\" data-e-type=\"widget\" data-widget_type=\"heading.default\">\n\t\t\t\t\t<p class=\"elementor-heading-title elementor-size-default\">5<\/p>\t\t\t\t<\/div>\n\t\t\t\t<div class=\"elementor-element elementor-element-3610f71 elementor-widget elementor-widget-heading\" data-id=\"3610f71\" data-element_type=\"widget\" data-e-type=\"widget\" data-widget_type=\"heading.default\">\n\t\t\t\t\t<h6 class=\"elementor-heading-title elementor-size-default\">Finaliza\u00e7\u00e3o do projeto<\/h6>\t\t\t\t<\/div>\n\t\t\t\t<div class=\"elementor-element elementor-element-f17a114 elementor-widget__width-initial elementor-widget-mobile__width-inherit elementor-widget elementor-widget-text-editor\" data-id=\"f17a114\" data-element_type=\"widget\" data-e-type=\"widget\" data-widget_type=\"text-editor.default\">\n\t\t\t\t\t\t\t\t\tA entrega da obra para o cliente \u00e9 realizada de forma objetiva, detalhando precis\u00f5es obtidas e normas seguidas dando todo esclarecimento da obra, para que o haja necessidades de fazer o cliente seguro pelos servi\u00e7os prestados pela Kairos Topografia.\t\t\t\t\t\t\t\t<\/div>\n\t\t\t\t<\/div>\n\t\t\t\t<\/div>\n\t\t\t\t\t<\/div>\n\t\t\t\t<\/div>\n\t\t\t\t<\/div>\n\t\t","protected":false},"excerpt":{"rendered":"<p>Metologia 1 Proposta do Servi\u00e7o Apresenta\u00e7\u00e3o ao cliente a forma de trabalho, a estrutura da empresa e servi\u00e7os j\u00e1 prestados pela Kair\u00f3s Topografia. Deixando ao cliente a decis\u00e3o para o planejamento. 2 Planejamento do Projeto Para o planejamento \u00e9 necess\u00e1rio estar com um cronograma em&#8230;<\/p>\n","protected":false},"author":1,"featured_media":0,"parent":0,"menu_order":0,"comment_status":"closed","ping_status":"closed","template":"","meta":{"footnotes":""},"class_list":["post-28","page","type-page","status-publish","hentry"],"_links":{"self":[{"href":"https:\/\/www.kairostopografia.com.br\/topografiaflorianopolis\/wp-json\/wp\/v2\/pages\/28","targetHints":{"allow":["GET"]}}],"collection":[{"href":"https:\/\/www.kairostopografia.com.br\/topografiaflorianopolis\/wp-json\/wp\/v2\/pages"}],"about":[{"href":"https:\/\/www.kairostopografia.com.br\/topografiaflorianopolis\/wp-json\/wp\/v2\/types\/page"}],"author":[{"embeddable":true,"href":"https:\/\/www.kairostopografia.com.br\/topografiaflorianopolis\/wp-json\/wp\/v2\/users\/1"}],"replies":[{"embeddable":true,"href":"https:\/\/www.kairostopografia.com.br\/topografiaflorianopolis\/wp-json\/wp\/v2\/comments?post=28"}],"version-history":[{"count":41,"href":"https:\/\/www.kairostopografia.com.br\/topografiaflorianopolis\/wp-json\/wp\/v2\/pages\/28\/revisions"}],"predecessor-version":[{"id":432,"href":"https:\/\/www.kairostopografia.com.br\/topografiaflorianopolis\/wp-json\/wp\/v2\/pages\/28\/revisions\/432"}],"wp:attachment":[{"href":"https:\/\/www.kairostopografia.com.br\/topografiaflorianopolis\/wp-json\/wp\/v2\/media?parent=28"}],"curies":[{"name":"wp","href":"https:\/\/api.w.org\/{rel}","templated":true}]}}