{"id":15,"date":"2015-09-28T16:33:40","date_gmt":"2015-09-28T16:33:40","guid":{"rendered":"http:\/\/www.kairostopografia.com.br\/topografiaflorianopolis\/?page_id=15"},"modified":"2026-03-09T19:38:03","modified_gmt":"2026-03-09T19:38:03","slug":"levantamento-topografico-planialtimetrico","status":"publish","type":"page","link":"https:\/\/www.kairostopografia.com.br\/topografiaflorianopolis\/levantamento-topografico-planialtimetrico\/","title":{"rendered":"Levantamento Topogr\u00e1fico Planialtim\u00e9trico"},"content":{"rendered":"\t\t<div data-elementor-type=\"wp-page\" data-elementor-id=\"15\" class=\"elementor elementor-15\" data-elementor-post-type=\"page\">\n\t\t\t\t<div class=\"elementor-element elementor-element-70c539f e-flex e-con-boxed parallax_section_no qode_elementor_container_no e-con e-parent\" data-id=\"70c539f\" data-element_type=\"container\" data-e-type=\"container\">\n\t\t\t\t\t<div class=\"e-con-inner\">\n\t\t\t\t<div class=\"elementor-element elementor-element-0a844e0 elementor-widget elementor-widget-heading\" data-id=\"0a844e0\" data-element_type=\"widget\" data-e-type=\"widget\" data-widget_type=\"heading.default\">\n\t\t\t\t\t<h4 class=\"elementor-heading-title elementor-size-default\">Levantamento Topogr\u00e1fico Planialtim\u00e9trico<\/h4>\t\t\t\t<\/div>\n\t\t\t\t<div class=\"elementor-element elementor-element-654f831 elementor-widget-divider--view-line elementor-widget elementor-widget-divider\" data-id=\"654f831\" data-element_type=\"widget\" data-e-type=\"widget\" data-widget_type=\"divider.default\">\n\t\t\t\t\t\t\t<div class=\"elementor-divider\">\n\t\t\t<span class=\"elementor-divider-separator\">\n\t\t\t\t\t\t<\/span>\n\t\t<\/div>\n\t\t\t\t\t\t<\/div>\n\t\t\t\t<div class=\"elementor-element elementor-element-159d704 elementor-widget elementor-widget-text-editor\" data-id=\"159d704\" data-element_type=\"widget\" data-e-type=\"widget\" data-widget_type=\"text-editor.default\">\n\t\t\t\t\t\t\t\t\tO levantamento planialtim\u00e9trico tem por objetivo o estudo das formas da superf\u00edcie terrestre e das leis que regem o seu modelado. \t\t\t\t\t\t\t\t<\/div>\n\t\t\t\t<div class=\"elementor-element elementor-element-27281c7 elementor-widget elementor-widget-text-editor\" data-id=\"27281c7\" data-element_type=\"widget\" data-e-type=\"widget\" data-widget_type=\"text-editor.default\">\n\t\t\t\t\t\t\t\t\tAtrav\u00e9s de curvas de n\u00edvel que d\u00e1 ao terreno perfeita caracteriza\u00e7\u00e3o e nele s\u00e3o anotadas as medidas planas, \u00e2ngulos e diferen\u00e7as de n\u00edvel (inclina\u00e7\u00e3o). \t\t\t\t\t\t\t\t<\/div>\n\t\t\t\t<div class=\"elementor-element elementor-element-1f8d007 elementor-widget elementor-widget-text-editor\" data-id=\"1f8d007\" data-element_type=\"widget\" data-e-type=\"widget\" data-widget_type=\"text-editor.default\">\n\t\t\t\t\t\t\t\t\tCom estas informa\u00e7\u00f5es o arquiteto engenheiro projeta com mais qualidade e menos custos, aproveitando essas caracter\u00edsticas do terreno. Muito usado em projetos que envolvem terraplenagem, e engenharia em geral. \t\t\t\t\t\t\t\t<\/div>\n\t\t\t\t<div class=\"elementor-element elementor-element-a14676d elementor-widget elementor-widget-text-editor\" data-id=\"a14676d\" data-element_type=\"widget\" data-e-type=\"widget\" data-widget_type=\"text-editor.default\">\n\t\t\t\t\t\t\t\t\tAtrav\u00e9s de Levantamento Planialtim\u00e9trico pode ser aplicar para diversas \u00e1reas: \t\t\t\t\t\t\t\t<\/div>\n\t\t\t\t<div class=\"elementor-element elementor-element-835af7e elementor-widget elementor-widget-text-editor\" data-id=\"835af7e\" data-element_type=\"widget\" data-e-type=\"widget\" data-widget_type=\"text-editor.default\">\n\t\t\t\t\t\t\t\t\t<ul><li>\u2013 Retifica\u00e7\u00e3o de \u00e1rea;<\/li><li>\u2013 Desmembramento;<\/li><li>\u2013Unifica\u00e7\u00e3o\/Amembramento;<\/li><li>\u2013 Laudos de Cobertura Vegetal;<\/li><\/ul>\t\t\t\t\t\t\t\t<\/div>\n\t\t\t\t<div class=\"elementor-element elementor-element-fe7145e elementor-widget elementor-widget-text-editor\" data-id=\"fe7145e\" data-element_type=\"widget\" data-e-type=\"widget\" data-widget_type=\"text-editor.default\">\n\t\t\t\t\t\t\t\t\tA Kair\u00f3s Topografia executa levantamentos planialtim\u00e9trico de alta precis\u00e3o com efici\u00eancia e rapidez. \t\t\t\t\t\t\t\t<\/div>\n\t\t\t\t\t<\/div>\n\t\t\t\t<\/div>\n\t\t\t\t<\/div>\n\t\t","protected":false},"excerpt":{"rendered":"<p>Levantamento Topogr\u00e1fico Planialtim\u00e9trico O levantamento planialtim\u00e9trico tem por objetivo o estudo das formas da superf\u00edcie terrestre e das leis que regem o seu modelado. Atrav\u00e9s de curvas de n\u00edvel que d\u00e1 ao terreno perfeita caracteriza\u00e7\u00e3o e nele s\u00e3o anotadas as medidas planas, \u00e2ngulos e diferen\u00e7as&#8230;<\/p>\n","protected":false},"author":1,"featured_media":0,"parent":0,"menu_order":0,"comment_status":"closed","ping_status":"closed","template":"","meta":{"footnotes":""},"class_list":["post-15","page","type-page","status-publish","hentry"],"_links":{"self":[{"href":"https:\/\/www.kairostopografia.com.br\/topografiaflorianopolis\/wp-json\/wp\/v2\/pages\/15","targetHints":{"allow":["GET"]}}],"collection":[{"href":"https:\/\/www.kairostopografia.com.br\/topografiaflorianopolis\/wp-json\/wp\/v2\/pages"}],"about":[{"href":"https:\/\/www.kairostopografia.com.br\/topografiaflorianopolis\/wp-json\/wp\/v2\/types\/page"}],"author":[{"embeddable":true,"href":"https:\/\/www.kairostopografia.com.br\/topografiaflorianopolis\/wp-json\/wp\/v2\/users\/1"}],"replies":[{"embeddable":true,"href":"https:\/\/www.kairostopografia.com.br\/topografiaflorianopolis\/wp-json\/wp\/v2\/comments?post=15"}],"version-history":[{"count":14,"href":"https:\/\/www.kairostopografia.com.br\/topografiaflorianopolis\/wp-json\/wp\/v2\/pages\/15\/revisions"}],"predecessor-version":[{"id":255,"href":"https:\/\/www.kairostopografia.com.br\/topografiaflorianopolis\/wp-json\/wp\/v2\/pages\/15\/revisions\/255"}],"wp:attachment":[{"href":"https:\/\/www.kairostopografia.com.br\/topografiaflorianopolis\/wp-json\/wp\/v2\/media?parent=15"}],"curies":[{"name":"wp","href":"https:\/\/api.w.org\/{rel}","templated":true}]}}