{"id":101,"date":"2015-11-02T02:44:50","date_gmt":"2015-11-02T02:44:50","guid":{"rendered":"http:\/\/www.kairostopografia.com.br\/topografiaflorianopolis\/?page_id=101"},"modified":"2026-03-09T20:39:02","modified_gmt":"2026-03-09T20:39:02","slug":"projeto-de-pavimentacao","status":"publish","type":"page","link":"https:\/\/www.kairostopografia.com.br\/topografiaflorianopolis\/projeto-de-pavimentacao\/","title":{"rendered":"Projeto de Pavimenta\u00e7\u00e3o"},"content":{"rendered":"\t\t<div data-elementor-type=\"wp-page\" data-elementor-id=\"101\" class=\"elementor elementor-101\" data-elementor-post-type=\"page\">\n\t\t\t\t<div class=\"elementor-element elementor-element-ba417f8 e-flex e-con-boxed parallax_section_no qode_elementor_container_no e-con e-parent\" data-id=\"ba417f8\" data-element_type=\"container\" data-e-type=\"container\">\n\t\t\t\t\t<div class=\"e-con-inner\">\n\t\t\t\t<div class=\"elementor-element elementor-element-a92988c elementor-widget elementor-widget-heading\" data-id=\"a92988c\" data-element_type=\"widget\" data-e-type=\"widget\" data-widget_type=\"heading.default\">\n\t\t\t\t\t<h4 class=\"elementor-heading-title elementor-size-default\">Projeto de Pavimenta\u00e7\u00e3o<\/h4>\t\t\t\t<\/div>\n\t\t\t\t<div class=\"elementor-element elementor-element-8d8bf14 elementor-widget-divider--view-line elementor-widget elementor-widget-divider\" data-id=\"8d8bf14\" data-element_type=\"widget\" data-e-type=\"widget\" data-widget_type=\"divider.default\">\n\t\t\t\t\t\t\t<div class=\"elementor-divider\">\n\t\t\t<span class=\"elementor-divider-separator\">\n\t\t\t\t\t\t<\/span>\n\t\t<\/div>\n\t\t\t\t\t\t<\/div>\n\t\t\t\t<div class=\"elementor-element elementor-element-aa58e89 elementor-widget elementor-widget-text-editor\" data-id=\"aa58e89\" data-element_type=\"widget\" data-e-type=\"widget\" data-widget_type=\"text-editor.default\">\n\t\t\t\t\t\t\t\t\tEm obras de\u00a0<strong>engenharia civil<\/strong>\u00a0como constru\u00e7\u00f5es de\u00a0<strong>rodovias, aeroportos, ruas<\/strong>, etc, a superestrutura \u00e9 formada por um conjunto de n\u00edveis de \u00a0consist\u00eancia finitas, est\u00e1vel sobre o lote de cria\u00e7\u00e3o, classificado como um espa\u00e7o imenso e designado como sub-leito .O pavimento \u00e9 uma base constru\u00edda sobre o n\u00edvel conquistado pelas infraestrutura de terraplanagem com a atividade dominante de abastecer ao \u00a0utilizador estabilidade e conforto, que devem ser alcan\u00e7ado sob o ponto de vista da engenharia, isto \u00e9, com a m\u00e1xima caracter\u00edsticas e o pequeno custo. O\u00a0<strong>pavimento<\/strong>\u00a0\u00e9 uma base constru\u00edda ap\u00f3s a\u00a0<strong>terraplanagem\u00a0<\/strong>por meio de n\u00edvel de diferentes materiais e diversas caracter\u00edsticas de vigor e deformabilidade. Esta base assim pronta apresenta um elevado grau de \u00a0enredamento no que se refere a computa\u00e7\u00e3o das tens\u00f5es e varia\u00e7\u00f5es. \t\t\t\t\t\t\t\t<\/div>\n\t\t\t\t<div class=\"elementor-element elementor-element-c2a2944 elementor-widget elementor-widget-text-editor\" data-id=\"c2a2944\" data-element_type=\"widget\" data-e-type=\"widget\" data-widget_type=\"text-editor.default\">\n\t\t\t\t\t\t\t\t\tO pavimento \u00e9 uma base constru\u00edda ap\u00f3s\u00a0<strong>terraplenagem<\/strong>\u00a0e\u00a0indicada, econ\u00f4mica e juntamente, em seu composto: \t\t\t\t\t\t\t\t<\/div>\n\t\t\t\t<div class=\"elementor-element elementor-element-b401eed elementor-widget elementor-widget-text-editor\" data-id=\"b401eed\" data-element_type=\"widget\" data-e-type=\"widget\" data-widget_type=\"text-editor.default\">\n\t\t\t\t\t\t\t\t\t<ul><li>\u2013 Resistir e distribuir ao subleito os esfor\u00e7os verticais produzidos pelo tr\u00e1fego;<\/li><li>\u2013 Melhorar as condi\u00e7\u00f5es de rolamento quanto \u00e0 comodidade e seguran\u00e7a;<\/li><li>\u2013 Resistir aos esfor\u00e7os horizontais que nela atuam, tornando mais dur\u00e1vel a superf\u00edcie de rolamento.<\/li><\/ul>\t\t\t\t\t\t\t\t<\/div>\n\t\t\t\t\t<\/div>\n\t\t\t\t<\/div>\n\t\t\t\t<\/div>\n\t\t","protected":false},"excerpt":{"rendered":"<p>Projeto de Pavimenta\u00e7\u00e3o Em obras de\u00a0engenharia civil\u00a0como constru\u00e7\u00f5es de\u00a0rodovias, aeroportos, ruas, etc, a superestrutura \u00e9 formada por um conjunto de n\u00edveis de \u00a0consist\u00eancia finitas, est\u00e1vel sobre o lote de cria\u00e7\u00e3o, classificado como um espa\u00e7o imenso e designado como sub-leito .O pavimento \u00e9 uma base constru\u00edda&#8230;<\/p>\n","protected":false},"author":1,"featured_media":0,"parent":0,"menu_order":0,"comment_status":"closed","ping_status":"closed","template":"","meta":{"footnotes":""},"class_list":["post-101","page","type-page","status-publish","hentry"],"_links":{"self":[{"href":"https:\/\/www.kairostopografia.com.br\/topografiaflorianopolis\/wp-json\/wp\/v2\/pages\/101","targetHints":{"allow":["GET"]}}],"collection":[{"href":"https:\/\/www.kairostopografia.com.br\/topografiaflorianopolis\/wp-json\/wp\/v2\/pages"}],"about":[{"href":"https:\/\/www.kairostopografia.com.br\/topografiaflorianopolis\/wp-json\/wp\/v2\/types\/page"}],"author":[{"embeddable":true,"href":"https:\/\/www.kairostopografia.com.br\/topografiaflorianopolis\/wp-json\/wp\/v2\/users\/1"}],"replies":[{"embeddable":true,"href":"https:\/\/www.kairostopografia.com.br\/topografiaflorianopolis\/wp-json\/wp\/v2\/comments?post=101"}],"version-history":[{"count":5,"href":"https:\/\/www.kairostopografia.com.br\/topografiaflorianopolis\/wp-json\/wp\/v2\/pages\/101\/revisions"}],"predecessor-version":[{"id":332,"href":"https:\/\/www.kairostopografia.com.br\/topografiaflorianopolis\/wp-json\/wp\/v2\/pages\/101\/revisions\/332"}],"wp:attachment":[{"href":"https:\/\/www.kairostopografia.com.br\/topografiaflorianopolis\/wp-json\/wp\/v2\/media?parent=101"}],"curies":[{"name":"wp","href":"https:\/\/api.w.org\/{rel}","templated":true}]}}